{"id":998,"date":"2025-10-17T18:37:20","date_gmt":"2025-10-17T16:37:20","guid":{"rendered":"https:\/\/aircop-media.com\/?page_id=998"},"modified":"2026-04-14T13:17:05","modified_gmt":"2026-04-14T11:17:05","slug":"inspire3","status":"publish","type":"page","link":"https:\/\/aircop-media.com\/en\/inspire3\/","title":{"rendered":"Inspire 3"},"content":{"rendered":"<div data-elementor-type=\"wp-page\" data-elementor-id=\"998\" class=\"elementor elementor-998\" data-elementor-post-type=\"page\">\n\t\t\t\t<div class=\"elementor-element elementor-element-681a9dc e-flex e-con-boxed e-con e-parent\" data-id=\"681a9dc\" data-element_type=\"container\" data-e-type=\"container\" data-settings=\"{&quot;background_background&quot;:&quot;classic&quot;}\">\n\t\t\t\t\t<div class=\"e-con-inner\">\n\t\t<div class=\"elementor-element elementor-element-d4b6c18 e-con-full e-flex e-con e-child\" data-id=\"d4b6c18\" data-element_type=\"container\" data-e-type=\"container\" data-settings=\"{&quot;background_background&quot;:&quot;classic&quot;}\">\n\t\t\t\t<div class=\"elementor-element elementor-element-d37a144 elementor-widget elementor-widget-heading\" data-id=\"d37a144\" data-element_type=\"widget\" data-e-type=\"widget\" data-widget_type=\"heading.default\">\n\t\t\t\t<div class=\"elementor-widget-container\">\n\t\t\t\t\t<p class=\"elementor-heading-title elementor-size-default\">Highend productions<\/p>\t\t\t\t<\/div>\n\t\t\t\t<\/div>\n\t\t\t\t<div class=\"elementor-element elementor-element-37f055a elementor-widget elementor-widget-heading\" data-id=\"37f055a\" data-element_type=\"widget\" data-e-type=\"widget\" data-widget_type=\"heading.default\">\n\t\t\t\t<div class=\"elementor-widget-container\">\n\t\t\t\t\t<h1 class=\"elementor-heading-title elementor-size-default\">inspire 3<\/h1>\t\t\t\t<\/div>\n\t\t\t\t<\/div>\n\t\t\t\t<div class=\"elementor-element elementor-element-4ecf0fb elementor-widget__width-inherit elementor-align-center elementor-mobile-align-center elementor-widget elementor-widget-button\" data-id=\"4ecf0fb\" data-element_type=\"widget\" data-e-type=\"widget\" data-widget_type=\"button.default\">\n\t\t\t\t<div class=\"elementor-widget-container\">\n\t\t\t\t\t\t\t\t\t<div class=\"elementor-button-wrapper\">\n\t\t\t\t\t<a class=\"elementor-button elementor-button-link elementor-size-sm elementor-animation-grow\" href=\"https:\/\/aircop-media.com\/en\/kontakt\/\">\n\t\t\t\t\t\t<span class=\"elementor-button-content-wrapper\">\n\t\t\t\t\t\t\t\t\t<span class=\"elementor-button-text\">Contact Us<\/span>\n\t\t\t\t\t<\/span>\n\t\t\t\t\t<\/a>\n\t\t\t\t<\/div>\n\t\t\t\t\t\t\t\t<\/div>\n\t\t\t\t<\/div>\n\t\t\t\t<\/div>\n\t\t<div class=\"elementor-element elementor-element-0d2ee0c e-con-full e-flex e-con e-child\" data-id=\"0d2ee0c\" data-element_type=\"container\" data-e-type=\"container\" data-settings=\"{&quot;background_background&quot;:&quot;classic&quot;}\">\n\t\t\t\t<\/div>\n\t\t\t\t\t<\/div>\n\t\t\t\t<\/div>\n\t\t<div class=\"elementor-element elementor-element-b1383e2 e-flex e-con-boxed e-con e-parent\" data-id=\"b1383e2\" data-element_type=\"container\" data-e-type=\"container\" data-settings=\"{&quot;background_background&quot;:&quot;classic&quot;}\">\n\t\t\t\t\t<div class=\"e-con-inner\">\n\t\t<div class=\"elementor-element elementor-element-5daa995 e-con-full e-flex e-con e-child\" data-id=\"5daa995\" data-element_type=\"container\" data-e-type=\"container\">\n\t\t\t\t<div class=\"elementor-element elementor-element-d3fe15a elementor-widget elementor-widget-heading\" data-id=\"d3fe15a\" data-element_type=\"widget\" data-e-type=\"widget\" data-widget_type=\"heading.default\">\n\t\t\t\t<div class=\"elementor-widget-container\">\n\t\t\t\t\t<h2 class=\"elementor-heading-title elementor-size-default\">Concept Of Use<\/h2>\t\t\t\t<\/div>\n\t\t\t\t<\/div>\n\t\t\t\t<div class=\"elementor-element elementor-element-234fd74 elementor-widget elementor-widget-text-editor\" data-id=\"234fd74\" data-element_type=\"widget\" data-e-type=\"widget\" data-widget_type=\"text-editor.default\">\n\t\t\t\t<div class=\"elementor-widget-container\">\n\t\t\t\t\t\t\t\t\t<p data-start=\"285\" data-end=\"438\" class=\"translation-block\">The <strong>DJI Inspire 3<\/strong> is our high-end system for <strong>professional film and commercial productions<\/strong>, designed for projects where every detail counts.<\/p><p data-start=\"445\" data-end=\"797\" class=\"translation-block\">With the <strong>Zenmuse X9-8K Air<\/strong>, it delivers cinema-ready footage in <strong>8K ProRes RAW or CinemaDNG<\/strong>, enabling a fully professional workflow directly on set. Its <strong>interchangeable DL lenses<\/strong> allow precise control over the image for any scene, from wide establishing shots to tightly framed camera moves.<\/p><p data-start=\"804\" data-end=\"1116\" class=\"translation-block\">The system features a <strong>dual-battery setup<\/strong> with hot-swap capability, providing long flight times with minimal downtime. Combined with <strong>RTK positioning and omnidirectional obstacle sensing,<\/strong> the Inspire 3 remains reliably controllable even in complex environments.<\/p><p data-start=\"1123\" data-end=\"1398\" class=\"translation-block\">For productions with separate roles, it <strong>supports dual-operator mode,<\/strong> allowing the pilot and camera operator to work independently. Integrated <strong>timecode sync<\/strong> ensures seamless integration into professional production workflows.<\/p><p data-start=\"1405\" data-end=\"1593\" class=\"translation-block\">The <strong>Inspire 3<\/strong> is our go-to choice for <strong>feature films, high-end commercials, or large-scale live events<\/strong> where maximum quality, precision, and control are required.<\/p>\t\t\t\t\t\t\t\t<\/div>\n\t\t\t\t<\/div>\n\t\t\t\t<\/div>\n\t\t<div class=\"elementor-element elementor-element-cfffec1 e-con-full e-flex e-con e-child\" data-id=\"cfffec1\" data-element_type=\"container\" data-e-type=\"container\">\n\t\t\t\t<div class=\"elementor-element elementor-element-7e6dcad elementor-widget elementor-widget-heading\" data-id=\"7e6dcad\" data-element_type=\"widget\" data-e-type=\"widget\" data-widget_type=\"heading.default\">\n\t\t\t\t<div class=\"elementor-widget-container\">\n\t\t\t\t\t<h3 class=\"elementor-heading-title elementor-size-default\">Key Features<\/h3>\t\t\t\t<\/div>\n\t\t\t\t<\/div>\n\t\t\t\t<div class=\"elementor-element elementor-element-36e9f37 elementor-position-inline-start elementor-view-default elementor-mobile-position-block-start elementor-widget elementor-widget-icon-box\" data-id=\"36e9f37\" data-element_type=\"widget\" data-e-type=\"widget\" data-widget_type=\"icon-box.default\">\n\t\t\t\t<div class=\"elementor-widget-container\">\n\t\t\t\t\t\t\t<div class=\"elementor-icon-box-wrapper\">\n\n\t\t\t\t\t\t<div class=\"elementor-icon-box-icon\">\n\t\t\t\t<span  class=\"elementor-icon\">\n\t\t\t\t<svg aria-hidden=\"true\" class=\"e-font-icon-svg e-fas-camera\" viewbox=\"0 0 512 512\" xmlns=\"http:\/\/www.w3.org\/2000\/svg\"><path d=\"M512 144v288c0 26.5-21.5 48-48 48H48c-26.5 0-48-21.5-48-48V144c0-26.5 21.5-48 48-48h88l12.3-32.9c7-18.7 24.9-31.1 44.9-31.1h125.5c20 0 37.9 12.4 44.9 31.1L376 96h88c26.5 0 48 21.5 48 48zM376 288c0-66.2-53.8-120-120-120s-120 53.8-120 120 53.8 120 120 120 120-53.8 120-120zm-32 0c0 48.5-39.5 88-88 88s-88-39.5-88-88 39.5-88 88-88 88 39.5 88 88z\"><\/path><\/svg>\t\t\t\t<\/span>\n\t\t\t<\/div>\n\t\t\t\n\t\t\t\t\t\t<div class=\"elementor-icon-box-content\">\n\n\t\t\t\t\t\t\t\t\t<h3 class=\"elementor-icon-box-title\">\n\t\t\t\t\t\t<span  >\n\t\t\t\t\t\t\tZenmuse X9-8K Air Full Frame\t\t\t\t\t\t<\/span>\n\t\t\t\t\t<\/h3>\n\t\t\t\t\n\t\t\t\t\n\t\t\t<\/div>\n\t\t\t\n\t\t<\/div>\n\t\t\t\t\t\t<\/div>\n\t\t\t\t<\/div>\n\t\t\t\t<div class=\"elementor-element elementor-element-0048b88 elementor-position-inline-start elementor-view-default elementor-mobile-position-block-start elementor-widget elementor-widget-icon-box\" data-id=\"0048b88\" data-element_type=\"widget\" data-e-type=\"widget\" data-widget_type=\"icon-box.default\">\n\t\t\t\t<div class=\"elementor-widget-container\">\n\t\t\t\t\t\t\t<div class=\"elementor-icon-box-wrapper\">\n\n\t\t\t\t\t\t<div class=\"elementor-icon-box-icon\">\n\t\t\t\t<span  class=\"elementor-icon\">\n\t\t\t\t<svg aria-hidden=\"true\" class=\"e-font-icon-svg e-fas-battery-half\" viewbox=\"0 0 640 512\" xmlns=\"http:\/\/www.w3.org\/2000\/svg\"><path d=\"M544 160v64h32v64h-32v64H64V160h480m16-64H48c-26.51 0-48 21.49-48 48v224c0 26.51 21.49 48 48 48h512c26.51 0 48-21.49 48-48v-16h8c13.255 0 24-10.745 24-24V184c0-13.255-10.745-24-24-24h-8v-16c0-26.51-21.49-48-48-48zm-240 96H96v128h224V192z\"><\/path><\/svg>\t\t\t\t<\/span>\n\t\t\t<\/div>\n\t\t\t\n\t\t\t\t\t\t<div class=\"elementor-icon-box-content\">\n\n\t\t\t\t\t\t\t\t\t<h3 class=\"elementor-icon-box-title\">\n\t\t\t\t\t\t<span  >\n\t\t\t\t\t\t\t25 Minuten\t\t\t\t\t\t<\/span>\n\t\t\t\t\t<\/h3>\n\t\t\t\t\n\t\t\t\t\n\t\t\t<\/div>\n\t\t\t\n\t\t<\/div>\n\t\t\t\t\t\t<\/div>\n\t\t\t\t<\/div>\n\t\t\t\t<div class=\"elementor-element elementor-element-c6ef691 elementor-position-inline-start elementor-view-default elementor-mobile-position-block-start elementor-widget elementor-widget-icon-box\" data-id=\"c6ef691\" data-element_type=\"widget\" data-e-type=\"widget\" data-widget_type=\"icon-box.default\">\n\t\t\t\t<div class=\"elementor-widget-container\">\n\t\t\t\t\t\t\t<div class=\"elementor-icon-box-wrapper\">\n\n\t\t\t\t\t\t<div class=\"elementor-icon-box-icon\">\n\t\t\t\t<span  class=\"elementor-icon\">\n\t\t\t\t<svg aria-hidden=\"true\" class=\"e-font-icon-svg e-fas-balance-scale\" viewbox=\"0 0 640 512\" xmlns=\"http:\/\/www.w3.org\/2000\/svg\"><path d=\"M256 336h-.02c0-16.18 1.34-8.73-85.05-181.51-17.65-35.29-68.19-35.36-85.87 0C-2.06 328.75.02 320.33.02 336H0c0 44.18 57.31 80 128 80s128-35.82 128-80zM128 176l72 144H56l72-144zm511.98 160c0-16.18 1.34-8.73-85.05-181.51-17.65-35.29-68.19-35.36-85.87 0-87.12 174.26-85.04 165.84-85.04 181.51H384c0 44.18 57.31 80 128 80s128-35.82 128-80h-.02zM440 320l72-144 72 144H440zm88 128H352V153.25c23.51-10.29 41.16-31.48 46.39-57.25H528c8.84 0 16-7.16 16-16V48c0-8.84-7.16-16-16-16H383.64C369.04 12.68 346.09 0 320 0s-49.04 12.68-63.64 32H112c-8.84 0-16 7.16-16 16v32c0 8.84 7.16 16 16 16h129.61c5.23 25.76 22.87 46.96 46.39 57.25V448H112c-8.84 0-16 7.16-16 16v32c0 8.84 7.16 16 16 16h416c8.84 0 16-7.16 16-16v-32c0-8.84-7.16-16-16-16z\"><\/path><\/svg>\t\t\t\t<\/span>\n\t\t\t<\/div>\n\t\t\t\n\t\t\t\t\t\t<div class=\"elementor-icon-box-content\">\n\n\t\t\t\t\t\t\t\t\t<h3 class=\"elementor-icon-box-title\">\n\t\t\t\t\t\t<span  >\n\t\t\t\t\t\t\t4000g\t\t\t\t\t\t<\/span>\n\t\t\t\t\t<\/h3>\n\t\t\t\t\n\t\t\t\t\n\t\t\t<\/div>\n\t\t\t\n\t\t<\/div>\n\t\t\t\t\t\t<\/div>\n\t\t\t\t<\/div>\n\t\t\t\t<div class=\"elementor-element elementor-element-6eb0a98 elementor-position-inline-start elementor-view-default elementor-mobile-position-block-start elementor-widget elementor-widget-icon-box\" data-id=\"6eb0a98\" data-element_type=\"widget\" data-e-type=\"widget\" data-widget_type=\"icon-box.default\">\n\t\t\t\t<div class=\"elementor-widget-container\">\n\t\t\t\t\t\t\t<div class=\"elementor-icon-box-wrapper\">\n\n\t\t\t\t\t\t<div class=\"elementor-icon-box-icon\">\n\t\t\t\t<span  class=\"elementor-icon\">\n\t\t\t\t<svg aria-hidden=\"true\" class=\"e-font-icon-svg e-fas-tachometer-alt\" viewbox=\"0 0 576 512\" xmlns=\"http:\/\/www.w3.org\/2000\/svg\"><path d=\"M288 32C128.94 32 0 160.94 0 320c0 52.8 14.25 102.26 39.06 144.8 5.61 9.62 16.3 15.2 27.44 15.2h443c11.14 0 21.83-5.58 27.44-15.2C561.75 422.26 576 372.8 576 320c0-159.06-128.94-288-288-288zm0 64c14.71 0 26.58 10.13 30.32 23.65-1.11 2.26-2.64 4.23-3.45 6.67l-9.22 27.67c-5.13 3.49-10.97 6.01-17.64 6.01-17.67 0-32-14.33-32-32S270.33 96 288 96zM96 384c-17.67 0-32-14.33-32-32s14.33-32 32-32 32 14.33 32 32-14.33 32-32 32zm48-160c-17.67 0-32-14.33-32-32s14.33-32 32-32 32 14.33 32 32-14.33 32-32 32zm246.77-72.41l-61.33 184C343.13 347.33 352 364.54 352 384c0 11.72-3.38 22.55-8.88 32H232.88c-5.5-9.45-8.88-20.28-8.88-32 0-33.94 26.5-61.43 59.9-63.59l61.34-184.01c4.17-12.56 17.73-19.45 30.36-15.17 12.57 4.19 19.35 17.79 15.17 30.36zm14.66 57.2l15.52-46.55c3.47-1.29 7.13-2.23 11.05-2.23 17.67 0 32 14.33 32 32s-14.33 32-32 32c-11.38-.01-20.89-6.28-26.57-15.22zM480 384c-17.67 0-32-14.33-32-32s14.33-32 32-32 32 14.33 32 32-14.33 32-32 32z\"><\/path><\/svg>\t\t\t\t<\/span>\n\t\t\t<\/div>\n\t\t\t\n\t\t\t\t\t\t<div class=\"elementor-icon-box-content\">\n\n\t\t\t\t\t\t\t\t\t<h3 class=\"elementor-icon-box-title\">\n\t\t\t\t\t\t<span  >\n\t\t\t\t\t\t\t90km\/h\t\t\t\t\t\t<\/span>\n\t\t\t\t\t<\/h3>\n\t\t\t\t\n\t\t\t\t\n\t\t\t<\/div>\n\t\t\t\n\t\t<\/div>\n\t\t\t\t\t\t<\/div>\n\t\t\t\t<\/div>\n\t\t\t\t<div class=\"elementor-element elementor-element-6e06774 elementor-position-inline-start elementor-view-default elementor-mobile-position-block-start elementor-widget elementor-widget-icon-box\" data-id=\"6e06774\" data-element_type=\"widget\" data-e-type=\"widget\" data-widget_type=\"icon-box.default\">\n\t\t\t\t<div class=\"elementor-widget-container\">\n\t\t\t\t\t\t\t<div class=\"elementor-icon-box-wrapper\">\n\n\t\t\t\t\t\t<div class=\"elementor-icon-box-icon\">\n\t\t\t\t<span  class=\"elementor-icon\">\n\t\t\t\t<svg aria-hidden=\"true\" class=\"e-font-icon-svg e-fas-shield-alt\" viewbox=\"0 0 512 512\" xmlns=\"http:\/\/www.w3.org\/2000\/svg\"><path d=\"M466.5 83.7l-192-80a48.15 48.15 0 0 0-36.9 0l-192 80C27.7 91.1 16 108.6 16 128c0 198.5 114.5 335.7 221.5 380.3 11.8 4.9 25.1 4.9 36.9 0C360.1 472.6 496 349.3 496 128c0-19.4-11.7-36.9-29.5-44.3zM256.1 446.3l-.1-381 175.9 73.3c-3.3 151.4-82.1 261.1-175.8 307.7z\"><\/path><\/svg>\t\t\t\t<\/span>\n\t\t\t<\/div>\n\t\t\t\n\t\t\t\t\t\t<div class=\"elementor-icon-box-content\">\n\n\t\t\t\t\t\t\t\t\t<h3 class=\"elementor-icon-box-title\">\n\t\t\t\t\t\t<span  >\n\t\t\t\t\t\t\tOmnidirektionale Hinderniserkennung\t\t\t\t\t\t<\/span>\n\t\t\t\t\t<\/h3>\n\t\t\t\t\n\t\t\t\t\n\t\t\t<\/div>\n\t\t\t\n\t\t<\/div>\n\t\t\t\t\t\t<\/div>\n\t\t\t\t<\/div>\n\t\t\t\t<\/div>\n\t\t\t\t\t<\/div>\n\t\t\t\t<\/div>\n\t\t<div class=\"elementor-element elementor-element-6c2ec24 e-flex e-con-boxed e-con e-parent\" data-id=\"6c2ec24\" data-element_type=\"container\" data-e-type=\"container\" data-settings=\"{&quot;background_background&quot;:&quot;classic&quot;}\">\n\t\t\t\t\t<div class=\"e-con-inner\">\n\t\t\t\t<div class=\"elementor-element elementor-element-f7a87b7 elementor-widget elementor-widget-heading\" data-id=\"f7a87b7\" data-element_type=\"widget\" data-e-type=\"widget\" data-widget_type=\"heading.default\">\n\t\t\t\t<div class=\"elementor-widget-container\">\n\t\t\t\t\t<h4 class=\"elementor-heading-title elementor-size-default\">Looking for something a bit smaller?<\/h4>\t\t\t\t<\/div>\n\t\t\t\t<\/div>\n\t\t\t\t<div class=\"elementor-element elementor-element-534042e elementor-widget elementor-widget-text-editor\" data-id=\"534042e\" data-element_type=\"widget\" data-e-type=\"widget\" data-widget_type=\"text-editor.default\">\n\t\t\t\t<div class=\"elementor-widget-container\">\n\t\t\t\t\t\t\t\t\t<p class=\"translation-block\">The <strong>DJI Mavic 4 Pro<\/strong> delivers cinematic image quality in a more compact format, ideal for productions with a smaller setup or limited space.<\/p>\t\t\t\t\t\t\t\t<\/div>\n\t\t\t\t<\/div>\n\t\t\t\t<div class=\"elementor-element elementor-element-0d1a590 elementor-align-center elementor-mobile-align-center elementor-widget__width-auto elementor-widget elementor-widget-button\" data-id=\"0d1a590\" data-element_type=\"widget\" data-e-type=\"widget\" data-widget_type=\"button.default\">\n\t\t\t\t<div class=\"elementor-widget-container\">\n\t\t\t\t\t\t\t\t\t<div class=\"elementor-button-wrapper\">\n\t\t\t\t\t<a class=\"elementor-button elementor-button-link elementor-size-sm\" href=\"https:\/\/aircop-media.com\/en\/mavic4pro\/\">\n\t\t\t\t\t\t<span class=\"elementor-button-content-wrapper\">\n\t\t\t\t\t\t<span class=\"elementor-button-icon\">\n\t\t\t\t<svg aria-hidden=\"true\" class=\"e-font-icon-svg e-fas-angle-right\" viewbox=\"0 0 256 512\" xmlns=\"http:\/\/www.w3.org\/2000\/svg\"><path d=\"M224.3 273l-136 136c-9.4 9.4-24.6 9.4-33.9 0l-22.6-22.6c-9.4-9.4-9.4-24.6 0-33.9l96.4-96.4-96.4-96.4c-9.4-9.4-9.4-24.6 0-33.9L54.3 103c9.4-9.4 24.6-9.4 33.9 0l136 136c9.5 9.4 9.5 24.6.1 34z\"><\/path><\/svg>\t\t\t<\/span>\n\t\t\t\t\t\t\t\t\t<span class=\"elementor-button-text\">Discover the Mavic 4 Pro<\/span>\n\t\t\t\t\t<\/span>\n\t\t\t\t\t<\/a>\n\t\t\t\t<\/div>\n\t\t\t\t\t\t\t\t<\/div>\n\t\t\t\t<\/div>\n\t\t\t\t\t<\/div>\n\t\t\t\t<\/div>\n\t\t\t\t<\/div>","protected":false},"excerpt":{"rendered":"<p>Highend produktionen inspire 3 Kontaktiere Uns Concept Of Use Die DJI Inspire 3 ist unser High-End-System f\u00fcr professionelle Film- und Werbeproduktionen \u2013 entwickelt f\u00fcr Projekte, bei denen jedes Detail z\u00e4hlt. Mit der Zenmuse X9-8K Air liefert sie kinoreife Aufnahmen in 8K ProRes RAW oder CinemaDNG und erm\u00f6glicht damit einen vollst\u00e4ndig professionellen Workflow direkt am Set. [&hellip;]<\/p>\n","protected":false},"author":1,"featured_media":0,"parent":0,"menu_order":0,"comment_status":"closed","ping_status":"closed","template":"elementor_header_footer","meta":{"inline_featured_image":false,"footnotes":""},"class_list":["post-998","page","type-page","status-publish","hentry"],"yoast_head":"<!-- This site is optimized with the Yoast SEO plugin v27.4 - https:\/\/yoast.com\/product\/yoast-seo-wordpress\/ -->\n<title>DJI Inspire 3 f\u00fcr cineastische Luftaufnahmen | Aircop Media<\/title>\n<meta name=\"description\" content=\"Stabile, hochwertige Luftaufnahmen mit der DJI Inspire 3. Perfekt f\u00fcr Filmproduktionen, Werbung und Live Streaming.\" \/>\n<meta name=\"robots\" content=\"index, follow, max-snippet:-1, max-image-preview:large, max-video-preview:-1\" \/>\n<link rel=\"canonical\" href=\"https:\/\/aircop-media.com\/en\/inspire3\/\" \/>\n<meta property=\"og:locale\" content=\"en_US\" \/>\n<meta property=\"og:type\" content=\"article\" \/>\n<meta property=\"og:title\" content=\"DJI Inspire 3 f\u00fcr cineastische Luftaufnahmen | Aircop Media\" \/>\n<meta property=\"og:description\" content=\"Stabile, hochwertige Luftaufnahmen mit der DJI Inspire 3. Perfekt f\u00fcr Filmproduktionen, Werbung und Live Streaming.\" \/>\n<meta property=\"og:url\" content=\"https:\/\/aircop-media.com\/en\/inspire3\/\" \/>\n<meta property=\"og:site_name\" content=\"Aircop Media\" \/>\n<meta property=\"article:modified_time\" content=\"2026-04-14T11:17:05+00:00\" \/>\n<meta name=\"twitter:card\" content=\"summary_large_image\" \/>\n<meta name=\"twitter:label1\" content=\"Est. reading time\" \/>\n\t<meta name=\"twitter:data1\" content=\"2 minutes\" \/>\n<script type=\"application\/ld+json\" class=\"yoast-schema-graph\">{\"@context\":\"https:\\\/\\\/schema.org\",\"@graph\":[{\"@type\":\"WebPage\",\"@id\":\"https:\\\/\\\/aircop-media.com\\\/inspire3\\\/\",\"url\":\"https:\\\/\\\/aircop-media.com\\\/inspire3\\\/\",\"name\":\"DJI Inspire 3 f\u00fcr cineastische Luftaufnahmen | Aircop Media\",\"isPartOf\":{\"@id\":\"https:\\\/\\\/aircop-media.com\\\/#website\"},\"datePublished\":\"2025-10-17T16:37:20+00:00\",\"dateModified\":\"2026-04-14T11:17:05+00:00\",\"description\":\"Stabile, hochwertige Luftaufnahmen mit der DJI Inspire 3. Perfekt f\u00fcr Filmproduktionen, Werbung und Live Streaming.\",\"breadcrumb\":{\"@id\":\"https:\\\/\\\/aircop-media.com\\\/inspire3\\\/#breadcrumb\"},\"inLanguage\":\"en-US\",\"potentialAction\":[{\"@type\":\"ReadAction\",\"target\":[\"https:\\\/\\\/aircop-media.com\\\/inspire3\\\/\"]}]},{\"@type\":\"BreadcrumbList\",\"@id\":\"https:\\\/\\\/aircop-media.com\\\/inspire3\\\/#breadcrumb\",\"itemListElement\":[{\"@type\":\"ListItem\",\"position\":1,\"name\":\"Startseite\",\"item\":\"https:\\\/\\\/aircop-media.com\\\/\"},{\"@type\":\"ListItem\",\"position\":2,\"name\":\"Inspire 3\"}]},{\"@type\":\"WebSite\",\"@id\":\"https:\\\/\\\/aircop-media.com\\\/#website\",\"url\":\"https:\\\/\\\/aircop-media.com\\\/\",\"name\":\"Aircop Media\",\"description\":\"\",\"publisher\":{\"@id\":\"https:\\\/\\\/aircop-media.com\\\/#organization\"},\"potentialAction\":[{\"@type\":\"SearchAction\",\"target\":{\"@type\":\"EntryPoint\",\"urlTemplate\":\"https:\\\/\\\/aircop-media.com\\\/?s={search_term_string}\"},\"query-input\":{\"@type\":\"PropertyValueSpecification\",\"valueRequired\":true,\"valueName\":\"search_term_string\"}}],\"inLanguage\":\"en-US\"},{\"@type\":\"Organization\",\"@id\":\"https:\\\/\\\/aircop-media.com\\\/#organization\",\"name\":\"Aircop Media\",\"url\":\"https:\\\/\\\/aircop-media.com\\\/\",\"logo\":{\"@type\":\"ImageObject\",\"inLanguage\":\"en-US\",\"@id\":\"https:\\\/\\\/aircop-media.com\\\/#\\\/schema\\\/logo\\\/image\\\/\",\"url\":\"https:\\\/\\\/aircop-media.com\\\/wp-content\\\/uploads\\\/2025\\\/03\\\/white-small2.png\",\"contentUrl\":\"https:\\\/\\\/aircop-media.com\\\/wp-content\\\/uploads\\\/2025\\\/03\\\/white-small2.png\",\"width\":524,\"height\":100,\"caption\":\"Aircop Media\"},\"image\":{\"@id\":\"https:\\\/\\\/aircop-media.com\\\/#\\\/schema\\\/logo\\\/image\\\/\"}}]}<\/script>\n<!-- \/ Yoast SEO plugin. -->","yoast_head_json":{"title":"DJI Inspire 3 f\u00fcr cineastische Luftaufnahmen | Aircop Media","description":"Stabile, hochwertige Luftaufnahmen mit der DJI Inspire 3. Perfekt f\u00fcr Filmproduktionen, Werbung und Live Streaming.","robots":{"index":"index","follow":"follow","max-snippet":"max-snippet:-1","max-image-preview":"max-image-preview:large","max-video-preview":"max-video-preview:-1"},"canonical":"https:\/\/aircop-media.com\/en\/inspire3\/","og_locale":"en_US","og_type":"article","og_title":"DJI Inspire 3 f\u00fcr cineastische Luftaufnahmen | Aircop Media","og_description":"Stabile, hochwertige Luftaufnahmen mit der DJI Inspire 3. Perfekt f\u00fcr Filmproduktionen, Werbung und Live Streaming.","og_url":"https:\/\/aircop-media.com\/en\/inspire3\/","og_site_name":"Aircop Media","article_modified_time":"2026-04-14T11:17:05+00:00","twitter_card":"summary_large_image","twitter_misc":{"Est. reading time":"2 minutes"},"schema":{"@context":"https:\/\/schema.org","@graph":[{"@type":"WebPage","@id":"https:\/\/aircop-media.com\/inspire3\/","url":"https:\/\/aircop-media.com\/inspire3\/","name":"DJI Inspire 3 f\u00fcr cineastische Luftaufnahmen | Aircop Media","isPartOf":{"@id":"https:\/\/aircop-media.com\/#website"},"datePublished":"2025-10-17T16:37:20+00:00","dateModified":"2026-04-14T11:17:05+00:00","description":"Stabile, hochwertige Luftaufnahmen mit der DJI Inspire 3. Perfekt f\u00fcr Filmproduktionen, Werbung und Live Streaming.","breadcrumb":{"@id":"https:\/\/aircop-media.com\/inspire3\/#breadcrumb"},"inLanguage":"en-US","potentialAction":[{"@type":"ReadAction","target":["https:\/\/aircop-media.com\/inspire3\/"]}]},{"@type":"BreadcrumbList","@id":"https:\/\/aircop-media.com\/inspire3\/#breadcrumb","itemListElement":[{"@type":"ListItem","position":1,"name":"Startseite","item":"https:\/\/aircop-media.com\/"},{"@type":"ListItem","position":2,"name":"Inspire 3"}]},{"@type":"WebSite","@id":"https:\/\/aircop-media.com\/#website","url":"https:\/\/aircop-media.com\/","name":"Aircop Media","description":"","publisher":{"@id":"https:\/\/aircop-media.com\/#organization"},"potentialAction":[{"@type":"SearchAction","target":{"@type":"EntryPoint","urlTemplate":"https:\/\/aircop-media.com\/?s={search_term_string}"},"query-input":{"@type":"PropertyValueSpecification","valueRequired":true,"valueName":"search_term_string"}}],"inLanguage":"en-US"},{"@type":"Organization","@id":"https:\/\/aircop-media.com\/#organization","name":"Aircop Media","url":"https:\/\/aircop-media.com\/","logo":{"@type":"ImageObject","inLanguage":"en-US","@id":"https:\/\/aircop-media.com\/#\/schema\/logo\/image\/","url":"https:\/\/aircop-media.com\/wp-content\/uploads\/2025\/03\/white-small2.png","contentUrl":"https:\/\/aircop-media.com\/wp-content\/uploads\/2025\/03\/white-small2.png","width":524,"height":100,"caption":"Aircop Media"},"image":{"@id":"https:\/\/aircop-media.com\/#\/schema\/logo\/image\/"}}]}},"_links":{"self":[{"href":"https:\/\/aircop-media.com\/en\/wp-json\/wp\/v2\/pages\/998","targetHints":{"allow":["GET"]}}],"collection":[{"href":"https:\/\/aircop-media.com\/en\/wp-json\/wp\/v2\/pages"}],"about":[{"href":"https:\/\/aircop-media.com\/en\/wp-json\/wp\/v2\/types\/page"}],"author":[{"embeddable":true,"href":"https:\/\/aircop-media.com\/en\/wp-json\/wp\/v2\/users\/1"}],"replies":[{"embeddable":true,"href":"https:\/\/aircop-media.com\/en\/wp-json\/wp\/v2\/comments?post=998"}],"version-history":[{"count":45,"href":"https:\/\/aircop-media.com\/en\/wp-json\/wp\/v2\/pages\/998\/revisions"}],"predecessor-version":[{"id":1765,"href":"https:\/\/aircop-media.com\/en\/wp-json\/wp\/v2\/pages\/998\/revisions\/1765"}],"wp:attachment":[{"href":"https:\/\/aircop-media.com\/en\/wp-json\/wp\/v2\/media?parent=998"}],"curies":[{"name":"wp","href":"https:\/\/api.w.org\/{rel}","templated":true}]}}