{"id":28,"date":"2025-03-18T10:36:48","date_gmt":"2025-03-18T09:36:48","guid":{"rendered":"https:\/\/aircop-media.com\/?page_id=28"},"modified":"2026-04-16T18:27:58","modified_gmt":"2026-04-16T16:27:58","slug":"services","status":"publish","type":"page","link":"https:\/\/aircop-media.com\/en\/services\/","title":{"rendered":"Services"},"content":{"rendered":"<div data-elementor-type=\"wp-page\" data-elementor-id=\"28\" class=\"elementor elementor-28\" data-elementor-post-type=\"page\">\n\t\t\t\t<div class=\"elementor-element elementor-element-80125e2 e-flex e-con-boxed e-con e-parent\" data-id=\"80125e2\" data-element_type=\"container\" data-e-type=\"container\" data-settings=\"{&quot;background_background&quot;:&quot;gradient&quot;}\">\n\t\t\t\t\t<div class=\"e-con-inner\">\n\t\t<div class=\"elementor-element elementor-element-79cdb47 e-con-full e-flex e-con e-child\" data-id=\"79cdb47\" data-element_type=\"container\" data-e-type=\"container\">\n\t\t\t\t<div class=\"elementor-element elementor-element-cff3893 elementor-widget-divider--view-line elementor-widget elementor-widget-divider\" data-id=\"cff3893\" data-element_type=\"widget\" data-e-type=\"widget\" data-widget_type=\"divider.default\">\n\t\t\t\t<div class=\"elementor-widget-container\">\n\t\t\t\t\t\t\t<div class=\"elementor-divider\">\n\t\t\t<span class=\"elementor-divider-separator\">\n\t\t\t\t\t\t<\/span>\n\t\t<\/div>\n\t\t\t\t\t\t<\/div>\n\t\t\t\t<\/div>\n\t\t\t\t<div class=\"elementor-element elementor-element-1a2bb87 elementor-widget elementor-widget-heading\" data-id=\"1a2bb87\" data-element_type=\"widget\" data-e-type=\"widget\" data-widget_type=\"heading.default\">\n\t\t\t\t<div class=\"elementor-widget-container\">\n\t\t\t\t\t<h1 class=\"elementor-heading-title elementor-size-default\">Unsere Leistungen<\/h1>\t\t\t\t<\/div>\n\t\t\t\t<\/div>\n\t\t\t\t<div class=\"elementor-element elementor-element-10f6fae elementor-widget__width-auto elementor-align-center elementor-mobile-align-center elementor-widget elementor-widget-button\" data-id=\"10f6fae\" data-element_type=\"widget\" data-e-type=\"widget\" data-widget_type=\"button.default\">\n\t\t\t\t<div class=\"elementor-widget-container\">\n\t\t\t\t\t\t\t\t\t<div class=\"elementor-button-wrapper\">\n\t\t\t\t\t<a class=\"elementor-button elementor-button-link elementor-size-sm\" href=\"https:\/\/aircop-media.com\/en\/kontakt\/\">\n\t\t\t\t\t\t<span class=\"elementor-button-content-wrapper\">\n\t\t\t\t\t\t\t\t\t<span class=\"elementor-button-text\">Contact Us<\/span>\n\t\t\t\t\t<\/span>\n\t\t\t\t\t<\/a>\n\t\t\t\t<\/div>\n\t\t\t\t\t\t\t\t<\/div>\n\t\t\t\t<\/div>\n\t\t\t\t<\/div>\n\t\t\t\t\t<\/div>\n\t\t\t\t<\/div>\n\t\t<div class=\"elementor-element elementor-element-bd14872 e-flex e-con-boxed e-con e-parent\" data-id=\"bd14872\" data-element_type=\"container\" data-e-type=\"container\" data-settings=\"{&quot;background_background&quot;:&quot;classic&quot;}\">\n\t\t\t\t\t<div class=\"e-con-inner\">\n\t\t<div class=\"elementor-element elementor-element-3ee3055 e-con-full e-flex e-con e-child\" data-id=\"3ee3055\" data-element_type=\"container\" data-e-type=\"container\">\n\t\t\t\t<div class=\"elementor-element elementor-element-4cd0b0c elementor-widget elementor-widget-heading\" data-id=\"4cd0b0c\" data-element_type=\"widget\" data-e-type=\"widget\" data-widget_type=\"heading.default\">\n\t\t\t\t<div class=\"elementor-widget-container\">\n\t\t\t\t\t<h2 class=\"elementor-heading-title elementor-size-default\">FPV Footage<\/h2>\t\t\t\t<\/div>\n\t\t\t\t<\/div>\n\t\t\t\t<div class=\"elementor-element elementor-element-ca418a1 elementor-widget-divider--view-line elementor-widget elementor-widget-divider\" data-id=\"ca418a1\" data-element_type=\"widget\" data-e-type=\"widget\" data-widget_type=\"divider.default\">\n\t\t\t\t<div class=\"elementor-widget-container\">\n\t\t\t\t\t\t\t<div class=\"elementor-divider\">\n\t\t\t<span class=\"elementor-divider-separator\">\n\t\t\t\t\t\t<\/span>\n\t\t<\/div>\n\t\t\t\t\t\t<\/div>\n\t\t\t\t<\/div>\n\t\t\t\t<\/div>\n\t\t<div class=\"elementor-element elementor-element-bac42c2 e-con-full e-flex e-con e-child\" data-id=\"bac42c2\" data-element_type=\"container\" data-e-type=\"container\">\n\t\t\t\t<div class=\"elementor-element elementor-element-bb51270 elementor-widget elementor-widget-text-editor\" data-id=\"bb51270\" data-element_type=\"widget\" data-e-type=\"widget\" data-widget_type=\"text-editor.default\">\n\t\t\t\t<div class=\"elementor-widget-container\">\n\t\t\t\t\t\t\t\t\t<p>Mit unserer Expertise f\u00fcr <b data-path-to-node=\"9,0\" data-index-in-node=\"64\">High-End FPV-Footage<\/b> kreieren wir Perspektiven, die mit herk\u00f6mmlicher Kameratechnik unm\u00f6glich w\u00e4ren. Egal ob spektakul\u00e4re <strong>Indoor-Shots<\/strong>\u00a0oder <b data-path-to-node=\"9,0\" data-index-in-node=\"227\">High-Speed Action<\/b> im Au\u00dfenbereich: Wir garantieren maximale Einsatzbereitschaft durch <b data-path-to-node=\"9,0\" data-index-in-node=\"313\">redundantes Equipment<\/b> (2- bis 3-fache Ausf\u00fchrung) direkt am Set. Welche FPV-Systeme zum Einsatz kommen, entscheiden wir individuell nach Deinen Anforderungen \u2013 einen \u00dcberblick findest Du in unserer <strong><span style=\"color: #68afd5;\"><a style=\"color: #68afd5;\" href=\"https:\/\/aircop-media.com\/en\/unsere-fpv-drohnen\/\" target=\"_blank\" rel=\"noopener\">Drohnen\u00fcbersicht<\/a><\/span><\/strong>.\u00a0<\/p>\t\t\t\t\t\t\t\t<\/div>\n\t\t\t\t<\/div>\n\t\t\t\t<\/div>\n\t\t<div class=\"elementor-element elementor-element-35a18ab e-con-full e-flex e-con e-child\" data-id=\"35a18ab\" data-element_type=\"container\" data-e-type=\"container\">\n\t\t\t\t<div class=\"elementor-element elementor-element-93d5963 elementor-widget elementor-widget-text-editor\" data-id=\"93d5963\" data-element_type=\"widget\" data-e-type=\"widget\" data-widget_type=\"text-editor.default\">\n\t\t\t\t<div class=\"elementor-widget-container\">\n\t\t\t\t\t\t\t\t\t<p>Da je nach Drehort und -art spezifische <b data-path-to-node=\"3,0\" data-index-in-node=\"207\">beh\u00f6rdliche Genehmigungen<\/b> erforderlich sind, \u00fcbernehmen wir das komplette <b data-path-to-node=\"3,0\" data-index-in-node=\"281\">Genehmigungsmanagement<\/b> f\u00fcr Dich. Um eine reibungslose Planung und rechtssichere Durchf\u00fchrung zu garantieren, empfehlen wir einen Vorlauf von mindestens <b data-path-to-node=\"3,0\" data-index-in-node=\"433\">3 Wochen<\/b> zwischen der ersten Anfrage und dem geplanten Drehtermin.<\/p>\t\t\t\t\t\t\t\t<\/div>\n\t\t\t\t<\/div>\n\t\t\t\t<\/div>\n\t\t\t\t\t<\/div>\n\t\t\t\t<\/div>\n\t\t<div class=\"elementor-element elementor-element-34bc9ab e-flex e-con-boxed e-con e-parent\" data-id=\"34bc9ab\" data-element_type=\"container\" data-e-type=\"container\" data-settings=\"{&quot;background_background&quot;:&quot;classic&quot;}\">\n\t\t\t\t\t<div class=\"e-con-inner\">\n\t\t<div class=\"elementor-element elementor-element-7746b13 e-con-full e-flex e-con e-child\" data-id=\"7746b13\" data-element_type=\"container\" data-e-type=\"container\">\n\t\t\t\t<div class=\"elementor-element elementor-element-db11c0d elementor-widget elementor-widget-heading\" data-id=\"db11c0d\" data-element_type=\"widget\" data-e-type=\"widget\" data-widget_type=\"heading.default\">\n\t\t\t\t<div class=\"elementor-widget-container\">\n\t\t\t\t\t<h2 class=\"elementor-heading-title elementor-size-default\">DJI Aerials<\/h2>\t\t\t\t<\/div>\n\t\t\t\t<\/div>\n\t\t\t\t<div class=\"elementor-element elementor-element-bafbb50 elementor-widget-divider--view-line elementor-widget elementor-widget-divider\" data-id=\"bafbb50\" data-element_type=\"widget\" data-e-type=\"widget\" data-widget_type=\"divider.default\">\n\t\t\t\t<div class=\"elementor-widget-container\">\n\t\t\t\t\t\t\t<div class=\"elementor-divider\">\n\t\t\t<span class=\"elementor-divider-separator\">\n\t\t\t\t\t\t<\/span>\n\t\t<\/div>\n\t\t\t\t\t\t<\/div>\n\t\t\t\t<\/div>\n\t\t\t\t<\/div>\n\t\t<div class=\"elementor-element elementor-element-fd7777f e-con-full e-flex e-con e-child\" data-id=\"fd7777f\" data-element_type=\"container\" data-e-type=\"container\">\n\t\t\t\t<div class=\"elementor-element elementor-element-0627d0b elementor-widget elementor-widget-text-editor\" data-id=\"0627d0b\" data-element_type=\"widget\" data-e-type=\"widget\" data-widget_type=\"text-editor.default\">\n\t\t\t\t<div class=\"elementor-widget-container\">\n\t\t\t\t\t\t\t\t\t<p>W\u00e4hrend <b data-path-to-node=\"0\" data-index-in-node=\"8\">FPV<\/b> f\u00fcr Dynamik steht, liefern unsere <b data-path-to-node=\"0\" data-index-in-node=\"46\">DJI-Systeme<\/b> die n\u00f6tige <b data-path-to-node=\"0\" data-index-in-node=\"69\">Ruhe und Pr\u00e4zision<\/b> f\u00fcr klassische <b data-path-to-node=\"0\" data-index-in-node=\"103\">High-End-Aerials<\/b>. Durch modernste <b data-path-to-node=\"0\" data-index-in-node=\"137\">Gimbal-Technologie<\/b> und <b data-path-to-node=\"0\" data-index-in-node=\"160\">GPS-gest\u00fctzte Flugmodi<\/b> garantieren wir absolut <b data-path-to-node=\"0\" data-index-in-node=\"207\">ruckelfreie Cinema-Shots<\/b> aus jeder denkbaren Perspektive. Ob <b data-path-to-node=\"0\" data-index-in-node=\"268\">Immobilien<\/b>, <b data-path-to-node=\"0\" data-index-in-node=\"280\">Imagefilme<\/b> oder <b data-path-to-node=\"0\" data-index-in-node=\"296\">cineastische Establisher Shots<\/b>: Unsere klassischen Drohnen sind die verl\u00e4ssliche Basis f\u00fcr jede Produktion, die auf <b data-path-to-node=\"0\" data-index-in-node=\"412\">h\u00f6chste Qualit\u00e4t<\/b> setzt.<\/p>\t\t\t\t\t\t\t\t<\/div>\n\t\t\t\t<\/div>\n\t\t\t\t<\/div>\n\t\t<div class=\"elementor-element elementor-element-020c6c5 e-con-full e-flex e-con e-child\" data-id=\"020c6c5\" data-element_type=\"container\" data-e-type=\"container\">\n\t\t\t\t<div class=\"elementor-element elementor-element-9ed1dfc elementor-widget elementor-widget-text-editor\" data-id=\"9ed1dfc\" data-element_type=\"widget\" data-e-type=\"widget\" data-widget_type=\"text-editor.default\">\n\t\t\t\t<div class=\"elementor-widget-container\">\n\t\t\t\t\t\t\t\t\t<p data-path-to-node=\"0\">Zum Einsatz kommen ausschlie\u00dflich <b data-path-to-node=\"0\" data-index-in-node=\"34\">aktuelle Modelle<\/b> der Marke <b data-path-to-node=\"0\" data-index-in-node=\"61\">DJI<\/b>. Dank fortgeschrittener <b data-path-to-node=\"0\" data-index-in-node=\"89\">Sensorik<\/b> und <b data-path-to-node=\"0\" data-index-in-node=\"102\">redundanter Sicherheitssysteme<\/b> agieren wir auch in anspruchsvollen Umgebungen <b data-path-to-node=\"0\" data-index-in-node=\"180\">absolut sicher<\/b>. Wir k\u00fcmmern uns dabei um die gesamte <b data-path-to-node=\"0\" data-index-in-node=\"233\">technische Abwicklung<\/b> sowie alle n\u00f6tigen <b data-path-to-node=\"0\" data-index-in-node=\"274\">Aufstiegsgenehmigungen<\/b>. Wir halten Dir den R\u00fccken frei, damit sich der Rest des <b data-path-to-node=\"0\" data-index-in-node=\"354\">Produktionsteams<\/b> voll und ganz auf seine <b data-path-to-node=\"0\" data-index-in-node=\"395\">eigene Arbeit konzentrieren<\/b> kann.<\/p>\t\t\t\t\t\t\t\t<\/div>\n\t\t\t\t<\/div>\n\t\t\t\t<\/div>\n\t\t\t\t\t<\/div>\n\t\t\t\t<\/div>\n\t\t<div class=\"elementor-element elementor-element-f54866f e-flex e-con-boxed e-con e-parent\" data-id=\"f54866f\" data-element_type=\"container\" data-e-type=\"container\" data-settings=\"{&quot;background_background&quot;:&quot;classic&quot;}\">\n\t\t\t\t\t<div class=\"e-con-inner\">\n\t\t<div class=\"elementor-element elementor-element-c5bd1d0 e-con-full e-flex e-con e-child\" data-id=\"c5bd1d0\" data-element_type=\"container\" data-e-type=\"container\">\n\t\t\t\t<div class=\"elementor-element elementor-element-50cbfd6 elementor-widget elementor-widget-heading\" data-id=\"50cbfd6\" data-element_type=\"widget\" data-e-type=\"widget\" data-widget_type=\"heading.default\">\n\t\t\t\t<div class=\"elementor-widget-container\">\n\t\t\t\t\t<h2 class=\"elementor-heading-title elementor-size-default\">Live Streaming<\/h2>\t\t\t\t<\/div>\n\t\t\t\t<\/div>\n\t\t\t\t<div class=\"elementor-element elementor-element-99010f6 elementor-widget-divider--view-line elementor-widget elementor-widget-divider\" data-id=\"99010f6\" data-element_type=\"widget\" data-e-type=\"widget\" data-widget_type=\"divider.default\">\n\t\t\t\t<div class=\"elementor-widget-container\">\n\t\t\t\t\t\t\t<div class=\"elementor-divider\">\n\t\t\t<span class=\"elementor-divider-separator\">\n\t\t\t\t\t\t<\/span>\n\t\t<\/div>\n\t\t\t\t\t\t<\/div>\n\t\t\t\t<\/div>\n\t\t\t\t<\/div>\n\t\t<div class=\"elementor-element elementor-element-ac583ee e-con-full e-flex e-con e-child\" data-id=\"ac583ee\" data-element_type=\"container\" data-e-type=\"container\">\n\t\t\t\t<div class=\"elementor-element elementor-element-cb1f3fa elementor-widget elementor-widget-text-editor\" data-id=\"cb1f3fa\" data-element_type=\"widget\" data-e-type=\"widget\" data-widget_type=\"text-editor.default\">\n\t\t\t\t<div class=\"elementor-widget-container\">\n\t\t\t\t\t\t\t\t\t<div id=\"model-response-message-contentr_1632b0e1a8c9acd9\" class=\"markdown markdown-main-panel stronger enable-updated-hr-color preserve-whitespaces-in-response\" dir=\"ltr\" aria-live=\"polite\" aria-busy=\"false\"><p data-path-to-node=\"0\">Bisheriges <b data-path-to-node=\"0\" data-index-in-node=\"11\">Live Streaming<\/b> erfolgt h\u00e4ufig durch die Verwendung von <b data-path-to-node=\"0\" data-index-in-node=\"66\">Hubschraubern<\/b> oder <b data-path-to-node=\"0\" data-index-in-node=\"85\">statisch platzierten Kameras<\/b>, was meist mit gro\u00dfen Abstrichen verbunden ist. So sind Hubschrauber <b data-path-to-node=\"0\" data-index-in-node=\"183\">enorm kostspielig<\/b> und k\u00f6nnen nur in <b data-path-to-node=\"0\" data-index-in-node=\"219\">gro\u00dfer Entfernung<\/b> zum Geschehen eingesetzt werden. Statisch platzierte Kameras sind g\u00fcnstiger, bieten allerdings nur <b data-path-to-node=\"0\" data-index-in-node=\"336\">eingeschr\u00e4nkte Perspektiven<\/b>. Die Aufnahmen sind <b data-path-to-node=\"0\" data-index-in-node=\"384\">starr und unflexibel<\/b>, was die <b data-path-to-node=\"0\" data-index-in-node=\"414\">Zuschauererfahrung<\/b> stark einschr\u00e4nkt.<\/p><\/div>\t\t\t\t\t\t\t\t<\/div>\n\t\t\t\t<\/div>\n\t\t\t\t<\/div>\n\t\t<div class=\"elementor-element elementor-element-aef87ae e-con-full e-flex e-con e-child\" data-id=\"aef87ae\" data-element_type=\"container\" data-e-type=\"container\">\n\t\t\t\t<div class=\"elementor-element elementor-element-c16c7b3 elementor-widget elementor-widget-text-editor\" data-id=\"c16c7b3\" data-element_type=\"widget\" data-e-type=\"widget\" data-widget_type=\"text-editor.default\">\n\t\t\t\t<div class=\"elementor-widget-container\">\n\t\t\t\t\t\t\t\t\t<div id=\"model-response-message-contentr_5b3bc67961c533c0\" class=\"markdown markdown-main-panel stronger enable-updated-hr-color preserve-whitespaces-in-response\" dir=\"ltr\" aria-live=\"polite\" aria-busy=\"false\"><p data-path-to-node=\"0\">Das <b data-path-to-node=\"0\" data-index-in-node=\"4\">Live Streaming<\/b> mit unseren <b data-path-to-node=\"0\" data-index-in-node=\"31\">FPV-Drohnen<\/b> erm\u00f6glicht atemberaubende Aufnahmen und stellt herk\u00f6mmliche Methoden in allen Punkten in den Schatten. Unsere <b data-path-to-node=\"0\" data-index-in-node=\"153\">erfahrenen Piloten<\/b> schaffen hier <b data-path-to-node=\"0\" data-index-in-node=\"186\">v\u00f6llig neue Blickwinkel<\/b>, sodass Deine Zuschauer das Geschehen <b data-path-to-node=\"0\" data-index-in-node=\"248\">hautnah miterleben<\/b>. Durch die besonders <b data-path-to-node=\"0\" data-index-in-node=\"288\">kleinen und leichten FPV-Drohnen<\/b> werden weder Zuschauer noch Teilnehmer gest\u00f6rt.<\/p><\/div>\t\t\t\t\t\t\t\t<\/div>\n\t\t\t\t<\/div>\n\t\t\t\t<\/div>\n\t\t\t\t\t<\/div>\n\t\t\t\t<\/div>\n\t\t\t\t<\/div>","protected":false},"excerpt":{"rendered":"<p>Unsere Leistungen Kontaktiere Uns FPV Aufnahmen Mit unserer Expertise f\u00fcr High-End FPV-Footage kreieren wir Perspektiven, die mit herk\u00f6mmlicher Kameratechnik unm\u00f6glich w\u00e4ren. Egal ob spektakul\u00e4re Indoor-Shots\u00a0oder High-Speed Action im Au\u00dfenbereich: Wir garantieren maximale Einsatzbereitschaft durch redundantes Equipment (2- bis 3-fache Ausf\u00fchrung) direkt am Set. Welche FPV-Systeme zum Einsatz kommen, entscheiden wir individuell nach Deinen Anforderungen \u2013 [&hellip;]<\/p>\n","protected":false},"author":1,"featured_media":0,"parent":0,"menu_order":2,"comment_status":"closed","ping_status":"closed","template":"elementor_header_footer","meta":{"inline_featured_image":false,"footnotes":""},"class_list":["post-28","page","type-page","status-publish","hentry"],"yoast_head":"<!-- This site is optimized with the Yoast SEO plugin v27.4 - https:\/\/yoast.com\/product\/yoast-seo-wordpress\/ -->\n<title>FPV Drohnenaufnahmen buchen | Film, Werbung &amp; Events<\/title>\n<meta name=\"description\" content=\"FPV &amp; DJI Drohnenaufnahmen f\u00fcr Filmproduktionen, Werbung &amp; Events. Dynamische Shots, Planung &amp; Umsetzung aus einer Hand.\" \/>\n<meta name=\"robots\" content=\"index, follow, max-snippet:-1, max-video-preview:-1, noimageindex\" \/>\n<link rel=\"canonical\" href=\"https:\/\/aircop-media.com\/en\/services\/\" \/>\n<meta property=\"og:locale\" content=\"en_US\" \/>\n<meta property=\"og:type\" content=\"article\" \/>\n<meta property=\"og:title\" content=\"FPV Drohnenaufnahmen buchen | Film, Werbung &amp; Events\" \/>\n<meta property=\"og:description\" content=\"FPV &amp; DJI Drohnenaufnahmen f\u00fcr Filmproduktionen, Werbung &amp; Events. Dynamische Shots, Planung &amp; Umsetzung aus einer Hand.\" \/>\n<meta property=\"og:url\" content=\"https:\/\/aircop-media.com\/en\/services\/\" \/>\n<meta property=\"og:site_name\" content=\"Aircop Media\" \/>\n<meta property=\"article:modified_time\" content=\"2026-04-16T16:27:58+00:00\" \/>\n<meta name=\"twitter:card\" content=\"summary_large_image\" \/>\n<meta name=\"twitter:label1\" content=\"Est. reading time\" \/>\n\t<meta name=\"twitter:data1\" content=\"2 minutes\" \/>\n<script type=\"application\/ld+json\" class=\"yoast-schema-graph\">{\"@context\":\"https:\\\/\\\/schema.org\",\"@graph\":[{\"@type\":\"WebPage\",\"@id\":\"https:\\\/\\\/aircop-media.com\\\/services\\\/\",\"url\":\"https:\\\/\\\/aircop-media.com\\\/services\\\/\",\"name\":\"FPV Drohnenaufnahmen buchen | Film, Werbung & Events\",\"isPartOf\":{\"@id\":\"https:\\\/\\\/aircop-media.com\\\/#website\"},\"datePublished\":\"2025-03-18T09:36:48+00:00\",\"dateModified\":\"2026-04-16T16:27:58+00:00\",\"description\":\"FPV & DJI Drohnenaufnahmen f\u00fcr Filmproduktionen, Werbung & Events. Dynamische Shots, Planung & Umsetzung aus einer Hand.\",\"breadcrumb\":{\"@id\":\"https:\\\/\\\/aircop-media.com\\\/services\\\/#breadcrumb\"},\"inLanguage\":\"en-US\",\"potentialAction\":[{\"@type\":\"ReadAction\",\"target\":[\"https:\\\/\\\/aircop-media.com\\\/services\\\/\"]}]},{\"@type\":\"BreadcrumbList\",\"@id\":\"https:\\\/\\\/aircop-media.com\\\/services\\\/#breadcrumb\",\"itemListElement\":[{\"@type\":\"ListItem\",\"position\":1,\"name\":\"Startseite\",\"item\":\"https:\\\/\\\/aircop-media.com\\\/\"},{\"@type\":\"ListItem\",\"position\":2,\"name\":\"Services\"}]},{\"@type\":\"WebSite\",\"@id\":\"https:\\\/\\\/aircop-media.com\\\/#website\",\"url\":\"https:\\\/\\\/aircop-media.com\\\/\",\"name\":\"Aircop Media\",\"description\":\"\",\"publisher\":{\"@id\":\"https:\\\/\\\/aircop-media.com\\\/#organization\"},\"potentialAction\":[{\"@type\":\"SearchAction\",\"target\":{\"@type\":\"EntryPoint\",\"urlTemplate\":\"https:\\\/\\\/aircop-media.com\\\/?s={search_term_string}\"},\"query-input\":{\"@type\":\"PropertyValueSpecification\",\"valueRequired\":true,\"valueName\":\"search_term_string\"}}],\"inLanguage\":\"en-US\"},{\"@type\":\"Organization\",\"@id\":\"https:\\\/\\\/aircop-media.com\\\/#organization\",\"name\":\"Aircop Media\",\"url\":\"https:\\\/\\\/aircop-media.com\\\/\",\"logo\":{\"@type\":\"ImageObject\",\"inLanguage\":\"en-US\",\"@id\":\"https:\\\/\\\/aircop-media.com\\\/#\\\/schema\\\/logo\\\/image\\\/\",\"url\":\"https:\\\/\\\/aircop-media.com\\\/wp-content\\\/uploads\\\/2025\\\/03\\\/white-small2.png\",\"contentUrl\":\"https:\\\/\\\/aircop-media.com\\\/wp-content\\\/uploads\\\/2025\\\/03\\\/white-small2.png\",\"width\":524,\"height\":100,\"caption\":\"Aircop Media\"},\"image\":{\"@id\":\"https:\\\/\\\/aircop-media.com\\\/#\\\/schema\\\/logo\\\/image\\\/\"}}]}<\/script>\n<!-- \/ Yoast SEO plugin. -->","yoast_head_json":{"title":"FPV Drohnenaufnahmen buchen | Film, Werbung & Events","description":"FPV & DJI Drohnenaufnahmen f\u00fcr Filmproduktionen, Werbung & Events. Dynamische Shots, Planung & Umsetzung aus einer Hand.","robots":{"index":"index","follow":"follow","max-snippet":"max-snippet:-1","max-video-preview":"max-video-preview:-1","imageindex":"noimageindex"},"canonical":"https:\/\/aircop-media.com\/en\/services\/","og_locale":"en_US","og_type":"article","og_title":"FPV Drohnenaufnahmen buchen | Film, Werbung & Events","og_description":"FPV & DJI Drohnenaufnahmen f\u00fcr Filmproduktionen, Werbung & Events. Dynamische Shots, Planung & Umsetzung aus einer Hand.","og_url":"https:\/\/aircop-media.com\/en\/services\/","og_site_name":"Aircop Media","article_modified_time":"2026-04-16T16:27:58+00:00","twitter_card":"summary_large_image","twitter_misc":{"Est. reading time":"2 minutes"},"schema":{"@context":"https:\/\/schema.org","@graph":[{"@type":"WebPage","@id":"https:\/\/aircop-media.com\/services\/","url":"https:\/\/aircop-media.com\/services\/","name":"FPV Drohnenaufnahmen buchen | Film, Werbung & Events","isPartOf":{"@id":"https:\/\/aircop-media.com\/#website"},"datePublished":"2025-03-18T09:36:48+00:00","dateModified":"2026-04-16T16:27:58+00:00","description":"FPV & DJI Drohnenaufnahmen f\u00fcr Filmproduktionen, Werbung & Events. Dynamische Shots, Planung & Umsetzung aus einer Hand.","breadcrumb":{"@id":"https:\/\/aircop-media.com\/services\/#breadcrumb"},"inLanguage":"en-US","potentialAction":[{"@type":"ReadAction","target":["https:\/\/aircop-media.com\/services\/"]}]},{"@type":"BreadcrumbList","@id":"https:\/\/aircop-media.com\/services\/#breadcrumb","itemListElement":[{"@type":"ListItem","position":1,"name":"Startseite","item":"https:\/\/aircop-media.com\/"},{"@type":"ListItem","position":2,"name":"Services"}]},{"@type":"WebSite","@id":"https:\/\/aircop-media.com\/#website","url":"https:\/\/aircop-media.com\/","name":"Aircop Media","description":"","publisher":{"@id":"https:\/\/aircop-media.com\/#organization"},"potentialAction":[{"@type":"SearchAction","target":{"@type":"EntryPoint","urlTemplate":"https:\/\/aircop-media.com\/?s={search_term_string}"},"query-input":{"@type":"PropertyValueSpecification","valueRequired":true,"valueName":"search_term_string"}}],"inLanguage":"en-US"},{"@type":"Organization","@id":"https:\/\/aircop-media.com\/#organization","name":"Aircop Media","url":"https:\/\/aircop-media.com\/","logo":{"@type":"ImageObject","inLanguage":"en-US","@id":"https:\/\/aircop-media.com\/#\/schema\/logo\/image\/","url":"https:\/\/aircop-media.com\/wp-content\/uploads\/2025\/03\/white-small2.png","contentUrl":"https:\/\/aircop-media.com\/wp-content\/uploads\/2025\/03\/white-small2.png","width":524,"height":100,"caption":"Aircop Media"},"image":{"@id":"https:\/\/aircop-media.com\/#\/schema\/logo\/image\/"}}]}},"_links":{"self":[{"href":"https:\/\/aircop-media.com\/en\/wp-json\/wp\/v2\/pages\/28","targetHints":{"allow":["GET"]}}],"collection":[{"href":"https:\/\/aircop-media.com\/en\/wp-json\/wp\/v2\/pages"}],"about":[{"href":"https:\/\/aircop-media.com\/en\/wp-json\/wp\/v2\/types\/page"}],"author":[{"embeddable":true,"href":"https:\/\/aircop-media.com\/en\/wp-json\/wp\/v2\/users\/1"}],"replies":[{"embeddable":true,"href":"https:\/\/aircop-media.com\/en\/wp-json\/wp\/v2\/comments?post=28"}],"version-history":[{"count":149,"href":"https:\/\/aircop-media.com\/en\/wp-json\/wp\/v2\/pages\/28\/revisions"}],"predecessor-version":[{"id":1795,"href":"https:\/\/aircop-media.com\/en\/wp-json\/wp\/v2\/pages\/28\/revisions\/1795"}],"wp:attachment":[{"href":"https:\/\/aircop-media.com\/en\/wp-json\/wp\/v2\/media?parent=28"}],"curies":[{"name":"wp","href":"https:\/\/api.w.org\/{rel}","templated":true}]}}