{"id":1289,"date":"2025-12-16T21:21:11","date_gmt":"2025-12-16T20:21:11","guid":{"rendered":"https:\/\/aircop-media.com\/?page_id=1289"},"modified":"2026-04-14T13:19:56","modified_gmt":"2026-04-14T11:19:56","slug":"kinomatix-dual","status":"publish","type":"page","link":"https:\/\/aircop-media.com\/en\/kinomatix-dual\/","title":{"rendered":"Kinomatix Dual"},"content":{"rendered":"<div data-elementor-type=\"wp-page\" data-elementor-id=\"1289\" class=\"elementor elementor-1289\" data-elementor-post-type=\"page\">\n\t\t\t\t<div class=\"elementor-element elementor-element-d9e436b e-flex e-con-boxed e-con e-parent\" data-id=\"d9e436b\" data-element_type=\"container\" data-e-type=\"container\" data-settings=\"{&quot;background_background&quot;:&quot;classic&quot;}\">\n\t\t\t\t\t<div class=\"e-con-inner\">\n\t\t<div class=\"elementor-element elementor-element-ed87b17 e-con-full e-flex e-con e-child\" data-id=\"ed87b17\" data-element_type=\"container\" data-e-type=\"container\" data-settings=\"{&quot;background_background&quot;:&quot;classic&quot;}\">\n\t\t\t\t<div class=\"elementor-element elementor-element-5c70748 elementor-widget elementor-widget-heading\" data-id=\"5c70748\" data-element_type=\"widget\" data-e-type=\"widget\" data-widget_type=\"heading.default\">\n\t\t\t\t<div class=\"elementor-widget-container\">\n\t\t\t\t\t<p class=\"elementor-heading-title elementor-size-default\">FPV x Highend cinema<\/p>\t\t\t\t<\/div>\n\t\t\t\t<\/div>\n\t\t\t\t<div class=\"elementor-element elementor-element-255d7d4 elementor-widget elementor-widget-heading\" data-id=\"255d7d4\" data-element_type=\"widget\" data-e-type=\"widget\" data-widget_type=\"heading.default\">\n\t\t\t\t<div class=\"elementor-widget-container\">\n\t\t\t\t\t<h1 class=\"elementor-heading-title elementor-size-default\">Kinomatix Dual<\/h1>\t\t\t\t<\/div>\n\t\t\t\t<\/div>\n\t\t\t\t<div class=\"elementor-element elementor-element-3cf7f84 elementor-widget__width-inherit elementor-align-center elementor-mobile-align-center elementor-widget elementor-widget-button\" data-id=\"3cf7f84\" data-element_type=\"widget\" data-e-type=\"widget\" data-widget_type=\"button.default\">\n\t\t\t\t<div class=\"elementor-widget-container\">\n\t\t\t\t\t\t\t\t\t<div class=\"elementor-button-wrapper\">\n\t\t\t\t\t<a class=\"elementor-button elementor-button-link elementor-size-sm\" href=\"https:\/\/aircop-media.com\/en\/kontakt\/\">\n\t\t\t\t\t\t<span class=\"elementor-button-content-wrapper\">\n\t\t\t\t\t\t\t\t\t<span class=\"elementor-button-text\">Contact Us<\/span>\n\t\t\t\t\t<\/span>\n\t\t\t\t\t<\/a>\n\t\t\t\t<\/div>\n\t\t\t\t\t\t\t\t<\/div>\n\t\t\t\t<\/div>\n\t\t\t\t<\/div>\n\t\t<div class=\"elementor-element elementor-element-974f53c e-con-full e-flex e-con e-child\" data-id=\"974f53c\" data-element_type=\"container\" data-e-type=\"container\" data-settings=\"{&quot;background_background&quot;:&quot;classic&quot;}\">\n\t\t\t\t<\/div>\n\t\t\t\t\t<\/div>\n\t\t\t\t<\/div>\n\t\t<div class=\"elementor-element elementor-element-5513412 e-flex e-con-boxed e-con e-parent\" data-id=\"5513412\" data-element_type=\"container\" data-e-type=\"container\" data-settings=\"{&quot;background_background&quot;:&quot;classic&quot;}\">\n\t\t\t\t\t<div class=\"e-con-inner\">\n\t\t<div class=\"elementor-element elementor-element-3477d99 e-con-full e-flex e-con e-child\" data-id=\"3477d99\" data-element_type=\"container\" data-e-type=\"container\">\n\t\t\t\t<div class=\"elementor-element elementor-element-c983490 elementor-widget elementor-widget-heading\" data-id=\"c983490\" data-element_type=\"widget\" data-e-type=\"widget\" data-settings=\"{&quot;_animation&quot;:&quot;none&quot;}\" data-widget_type=\"heading.default\">\n\t\t\t\t<div class=\"elementor-widget-container\">\n\t\t\t\t\t<h2 class=\"elementor-heading-title elementor-size-default\">Concept of use<\/h2>\t\t\t\t<\/div>\n\t\t\t\t<\/div>\n\t\t\t\t<div class=\"elementor-element elementor-element-5932f46 elementor-widget elementor-widget-text-editor\" data-id=\"5932f46\" data-element_type=\"widget\" data-e-type=\"widget\" data-widget_type=\"text-editor.default\">\n\t\t\t\t<div class=\"elementor-widget-container\">\n\t\t\t\t\t\t\t\t\t<p data-path-to-node=\"3\">Der <strong>Kinomatix Dual <\/strong>ist unser Flaggschiff f\u00fcr komplexeste Kamerafahrten, bei denen Pr\u00e4zision und Bildkomposition an erster Stelle stehen. Als spezialisiertes <strong>Dual-Operator-System<\/strong> trennen wir die Flugf\u00fchrung von der Kamerasteuerung: W\u00e4hrend sich ein Pilot voll auf das Fliegen konzentriert, steuert ein dedizierter Camera Operator den Gimbal der Kamera.<\/p><p data-path-to-node=\"4\">Dieses Setup erm\u00f6glicht es uns, Kinokameras wie die <strong>Red Komodo<\/strong> oder die <strong>Sony FX6<\/strong> so zu f\u00fchren, wie es mit Single-Operator-Setups nicht m\u00f6glich w\u00e4re. Ganz egal, ob komplexe Chase-Footage mit Fokusverlagerung oder perfekt geframte High-Speed Aufnahmen.<\/p><p data-path-to-node=\"5\">Dank der enormen Leistungsreserven und der Dual-Operator Steuerung ist dieses System die Wahl f\u00fcr <strong>High-End-Produktionen.<\/strong><\/p>\t\t\t\t\t\t\t\t<\/div>\n\t\t\t\t<\/div>\n\t\t\t\t<\/div>\n\t\t<div class=\"elementor-element elementor-element-0c7b341 e-con-full e-flex e-con e-child\" data-id=\"0c7b341\" data-element_type=\"container\" data-e-type=\"container\">\n\t\t\t\t<div class=\"elementor-element elementor-element-a29d76b elementor-widget elementor-widget-heading\" data-id=\"a29d76b\" data-element_type=\"widget\" data-e-type=\"widget\" data-settings=\"{&quot;_animation&quot;:&quot;none&quot;}\" data-widget_type=\"heading.default\">\n\t\t\t\t<div class=\"elementor-widget-container\">\n\t\t\t\t\t<h3 class=\"elementor-heading-title elementor-size-default\">Key Features<\/h3>\t\t\t\t<\/div>\n\t\t\t\t<\/div>\n\t\t\t\t<div class=\"elementor-element elementor-element-678e423 elementor-position-inline-start elementor-view-default elementor-mobile-position-block-start elementor-widget elementor-widget-icon-box\" data-id=\"678e423\" data-element_type=\"widget\" data-e-type=\"widget\" data-widget_type=\"icon-box.default\">\n\t\t\t\t<div class=\"elementor-widget-container\">\n\t\t\t\t\t\t\t<div class=\"elementor-icon-box-wrapper\">\n\n\t\t\t\t\t\t<div class=\"elementor-icon-box-icon\">\n\t\t\t\t<span  class=\"elementor-icon\">\n\t\t\t\t<svg aria-hidden=\"true\" class=\"e-font-icon-svg e-fas-camera\" viewbox=\"0 0 512 512\" xmlns=\"http:\/\/www.w3.org\/2000\/svg\"><path d=\"M512 144v288c0 26.5-21.5 48-48 48H48c-26.5 0-48-21.5-48-48V144c0-26.5 21.5-48 48-48h88l12.3-32.9c7-18.7 24.9-31.1 44.9-31.1h125.5c20 0 37.9 12.4 44.9 31.1L376 96h88c26.5 0 48 21.5 48 48zM376 288c0-66.2-53.8-120-120-120s-120 53.8-120 120 53.8 120 120 120 120-53.8 120-120zm-32 0c0 48.5-39.5 88-88 88s-88-39.5-88-88 39.5-88 88-88 88 39.5 88 88z\"><\/path><\/svg>\t\t\t\t<\/span>\n\t\t\t<\/div>\n\t\t\t\n\t\t\t\t\t\t<div class=\"elementor-icon-box-content\">\n\n\t\t\t\t\t\t\t\t\t<h3 class=\"elementor-icon-box-title\">\n\t\t\t\t\t\t<span  >\n\t\t\t\t\t\t\tRed Komodo | Sony FX6\t\t\t\t\t\t<\/span>\n\t\t\t\t\t<\/h3>\n\t\t\t\t\n\t\t\t\t\n\t\t\t<\/div>\n\t\t\t\n\t\t<\/div>\n\t\t\t\t\t\t<\/div>\n\t\t\t\t<\/div>\n\t\t\t\t<div class=\"elementor-element elementor-element-34997f0 elementor-position-inline-start elementor-view-default elementor-mobile-position-block-start elementor-widget elementor-widget-icon-box\" data-id=\"34997f0\" data-element_type=\"widget\" data-e-type=\"widget\" data-widget_type=\"icon-box.default\">\n\t\t\t\t<div class=\"elementor-widget-container\">\n\t\t\t\t\t\t\t<div class=\"elementor-icon-box-wrapper\">\n\n\t\t\t\t\t\t<div class=\"elementor-icon-box-icon\">\n\t\t\t\t<span  class=\"elementor-icon\">\n\t\t\t\t<svg aria-hidden=\"true\" class=\"e-font-icon-svg e-fas-ruler-combined\" viewbox=\"0 0 512 512\" xmlns=\"http:\/\/www.w3.org\/2000\/svg\"><path d=\"M160 288h-56c-4.42 0-8-3.58-8-8v-16c0-4.42 3.58-8 8-8h56v-64h-56c-4.42 0-8-3.58-8-8v-16c0-4.42 3.58-8 8-8h56V96h-56c-4.42 0-8-3.58-8-8V72c0-4.42 3.58-8 8-8h56V32c0-17.67-14.33-32-32-32H32C14.33 0 0 14.33 0 32v448c0 2.77.91 5.24 1.57 7.8L160 329.38V288zm320 64h-32v56c0 4.42-3.58 8-8 8h-16c-4.42 0-8-3.58-8-8v-56h-64v56c0 4.42-3.58 8-8 8h-16c-4.42 0-8-3.58-8-8v-56h-64v56c0 4.42-3.58 8-8 8h-16c-4.42 0-8-3.58-8-8v-56h-41.37L24.2 510.43c2.56.66 5.04 1.57 7.8 1.57h448c17.67 0 32-14.33 32-32v-96c0-17.67-14.33-32-32-32z\"><\/path><\/svg>\t\t\t\t<\/span>\n\t\t\t<\/div>\n\t\t\t\n\t\t\t\t\t\t<div class=\"elementor-icon-box-content\">\n\n\t\t\t\t\t\t\t\t\t<h3 class=\"elementor-icon-box-title\">\n\t\t\t\t\t\t<span  >\n\t\t\t\t\t\t\t11\"\t\t\t\t\t\t<\/span>\n\t\t\t\t\t<\/h3>\n\t\t\t\t\n\t\t\t\t\n\t\t\t<\/div>\n\t\t\t\n\t\t<\/div>\n\t\t\t\t\t\t<\/div>\n\t\t\t\t<\/div>\n\t\t\t\t<div class=\"elementor-element elementor-element-18ca8c7 elementor-position-inline-start elementor-view-default elementor-mobile-position-block-start elementor-widget elementor-widget-icon-box\" data-id=\"18ca8c7\" data-element_type=\"widget\" data-e-type=\"widget\" data-widget_type=\"icon-box.default\">\n\t\t\t\t<div class=\"elementor-widget-container\">\n\t\t\t\t\t\t\t<div class=\"elementor-icon-box-wrapper\">\n\n\t\t\t\t\t\t<div class=\"elementor-icon-box-icon\">\n\t\t\t\t<span  class=\"elementor-icon\">\n\t\t\t\t<svg aria-hidden=\"true\" class=\"e-font-icon-svg e-fas-balance-scale\" viewbox=\"0 0 640 512\" xmlns=\"http:\/\/www.w3.org\/2000\/svg\"><path d=\"M256 336h-.02c0-16.18 1.34-8.73-85.05-181.51-17.65-35.29-68.19-35.36-85.87 0C-2.06 328.75.02 320.33.02 336H0c0 44.18 57.31 80 128 80s128-35.82 128-80zM128 176l72 144H56l72-144zm511.98 160c0-16.18 1.34-8.73-85.05-181.51-17.65-35.29-68.19-35.36-85.87 0-87.12 174.26-85.04 165.84-85.04 181.51H384c0 44.18 57.31 80 128 80s128-35.82 128-80h-.02zM440 320l72-144 72 144H440zm88 128H352V153.25c23.51-10.29 41.16-31.48 46.39-57.25H528c8.84 0 16-7.16 16-16V48c0-8.84-7.16-16-16-16H383.64C369.04 12.68 346.09 0 320 0s-49.04 12.68-63.64 32H112c-8.84 0-16 7.16-16 16v32c0 8.84 7.16 16 16 16h129.61c5.23 25.76 22.87 46.96 46.39 57.25V448H112c-8.84 0-16 7.16-16 16v32c0 8.84 7.16 16 16 16h416c8.84 0 16-7.16 16-16v-32c0-8.84-7.16-16-16-16z\"><\/path><\/svg>\t\t\t\t<\/span>\n\t\t\t<\/div>\n\t\t\t\n\t\t\t\t\t\t<div class=\"elementor-icon-box-content\">\n\n\t\t\t\t\t\t\t\t\t<h3 class=\"elementor-icon-box-title\">\n\t\t\t\t\t\t<span  >\n\t\t\t\t\t\t\t4500g\t\t\t\t\t\t<\/span>\n\t\t\t\t\t<\/h3>\n\t\t\t\t\n\t\t\t\t\n\t\t\t<\/div>\n\t\t\t\n\t\t<\/div>\n\t\t\t\t\t\t<\/div>\n\t\t\t\t<\/div>\n\t\t\t\t<div class=\"elementor-element elementor-element-df496bd elementor-position-inline-start elementor-view-default elementor-mobile-position-block-start elementor-widget elementor-widget-icon-box\" data-id=\"df496bd\" data-element_type=\"widget\" data-e-type=\"widget\" data-widget_type=\"icon-box.default\">\n\t\t\t\t<div class=\"elementor-widget-container\">\n\t\t\t\t\t\t\t<div class=\"elementor-icon-box-wrapper\">\n\n\t\t\t\t\t\t<div class=\"elementor-icon-box-icon\">\n\t\t\t\t<span  class=\"elementor-icon\">\n\t\t\t\t<svg aria-hidden=\"true\" class=\"e-font-icon-svg e-fas-tachometer-alt\" viewbox=\"0 0 576 512\" xmlns=\"http:\/\/www.w3.org\/2000\/svg\"><path d=\"M288 32C128.94 32 0 160.94 0 320c0 52.8 14.25 102.26 39.06 144.8 5.61 9.62 16.3 15.2 27.44 15.2h443c11.14 0 21.83-5.58 27.44-15.2C561.75 422.26 576 372.8 576 320c0-159.06-128.94-288-288-288zm0 64c14.71 0 26.58 10.13 30.32 23.65-1.11 2.26-2.64 4.23-3.45 6.67l-9.22 27.67c-5.13 3.49-10.97 6.01-17.64 6.01-17.67 0-32-14.33-32-32S270.33 96 288 96zM96 384c-17.67 0-32-14.33-32-32s14.33-32 32-32 32 14.33 32 32-14.33 32-32 32zm48-160c-17.67 0-32-14.33-32-32s14.33-32 32-32 32 14.33 32 32-14.33 32-32 32zm246.77-72.41l-61.33 184C343.13 347.33 352 364.54 352 384c0 11.72-3.38 22.55-8.88 32H232.88c-5.5-9.45-8.88-20.28-8.88-32 0-33.94 26.5-61.43 59.9-63.59l61.34-184.01c4.17-12.56 17.73-19.45 30.36-15.17 12.57 4.19 19.35 17.79 15.17 30.36zm14.66 57.2l15.52-46.55c3.47-1.29 7.13-2.23 11.05-2.23 17.67 0 32 14.33 32 32s-14.33 32-32 32c-11.38-.01-20.89-6.28-26.57-15.22zM480 384c-17.67 0-32-14.33-32-32s14.33-32 32-32 32 14.33 32 32-14.33 32-32 32z\"><\/path><\/svg>\t\t\t\t<\/span>\n\t\t\t<\/div>\n\t\t\t\n\t\t\t\t\t\t<div class=\"elementor-icon-box-content\">\n\n\t\t\t\t\t\t\t\t\t<h3 class=\"elementor-icon-box-title\">\n\t\t\t\t\t\t<span  >\n\t\t\t\t\t\t\t190km\/h\t\t\t\t\t\t<\/span>\n\t\t\t\t\t<\/h3>\n\t\t\t\t\n\t\t\t\t\n\t\t\t<\/div>\n\t\t\t\n\t\t<\/div>\n\t\t\t\t\t\t<\/div>\n\t\t\t\t<\/div>\n\t\t\t\t<div class=\"elementor-element elementor-element-5df21ff elementor-position-inline-start elementor-view-default elementor-mobile-position-block-start elementor-widget elementor-widget-icon-box\" data-id=\"5df21ff\" data-element_type=\"widget\" data-e-type=\"widget\" data-widget_type=\"icon-box.default\">\n\t\t\t\t<div class=\"elementor-widget-container\">\n\t\t\t\t\t\t\t<div class=\"elementor-icon-box-wrapper\">\n\n\t\t\t\t\t\t<div class=\"elementor-icon-box-icon\">\n\t\t\t\t<span  class=\"elementor-icon\">\n\t\t\t\t<svg aria-hidden=\"true\" class=\"e-font-icon-svg e-fas-shield-alt\" viewbox=\"0 0 512 512\" xmlns=\"http:\/\/www.w3.org\/2000\/svg\"><path d=\"M466.5 83.7l-192-80a48.15 48.15 0 0 0-36.9 0l-192 80C27.7 91.1 16 108.6 16 128c0 198.5 114.5 335.7 221.5 380.3 11.8 4.9 25.1 4.9 36.9 0C360.1 472.6 496 349.3 496 128c0-19.4-11.7-36.9-29.5-44.3zM256.1 446.3l-.1-381 175.9 73.3c-3.3 151.4-82.1 261.1-175.8 307.7z\"><\/path><\/svg>\t\t\t\t<\/span>\n\t\t\t<\/div>\n\t\t\t\n\t\t\t\t\t\t<div class=\"elementor-icon-box-content\">\n\n\t\t\t\t\t\t\t\t\t<h3 class=\"elementor-icon-box-title\">\n\t\t\t\t\t\t<span  >\n\t\t\t\t\t\t\tGPS | Diversity Receiver\t\t\t\t\t\t<\/span>\n\t\t\t\t\t<\/h3>\n\t\t\t\t\n\t\t\t\t\n\t\t\t<\/div>\n\t\t\t\n\t\t<\/div>\n\t\t\t\t\t\t<\/div>\n\t\t\t\t<\/div>\n\t\t\t\t<\/div>\n\t\t\t\t\t<\/div>\n\t\t\t\t<\/div>\n\t\t<div class=\"elementor-element elementor-element-4ffd5e6 e-flex e-con-boxed e-con e-parent\" data-id=\"4ffd5e6\" data-element_type=\"container\" data-e-type=\"container\" data-settings=\"{&quot;background_background&quot;:&quot;classic&quot;}\">\n\t\t\t\t\t<div class=\"e-con-inner\">\n\t\t\t\t<div class=\"elementor-element elementor-element-f3d340e elementor-widget elementor-widget-heading\" data-id=\"f3d340e\" data-element_type=\"widget\" data-e-type=\"widget\" data-widget_type=\"heading.default\">\n\t\t\t\t<div class=\"elementor-widget-container\">\n\t\t\t\t\t<h2 class=\"elementor-heading-title elementor-size-default\">Lieber etwas langsamer?<\/h2>\t\t\t\t<\/div>\n\t\t\t\t<\/div>\n\t\t\t\t<div class=\"elementor-element elementor-element-9400e3f elementor-widget elementor-widget-text-editor\" data-id=\"9400e3f\" data-element_type=\"widget\" data-e-type=\"widget\" data-widget_type=\"text-editor.default\">\n\t\t\t\t<div class=\"elementor-widget-container\">\n\t\t\t\t\t\t\t\t\t<p>360\u00b0 Gimbalsteuerung kombiniert mit einem Dual-Operator Setup. Schau dir unsere Inspire 3 an<\/p>\t\t\t\t\t\t\t\t<\/div>\n\t\t\t\t<\/div>\n\t\t\t\t<div class=\"elementor-element elementor-element-74d5550 elementor-align-center elementor-mobile-align-center elementor-widget__width-auto elementor-widget elementor-widget-button\" data-id=\"74d5550\" data-element_type=\"widget\" data-e-type=\"widget\" data-widget_type=\"button.default\">\n\t\t\t\t<div class=\"elementor-widget-container\">\n\t\t\t\t\t\t\t\t\t<div class=\"elementor-button-wrapper\">\n\t\t\t\t\t<a class=\"elementor-button elementor-button-link elementor-size-sm\" href=\"https:\/\/aircop-media.com\/en\/inspire3\/\">\n\t\t\t\t\t\t<span class=\"elementor-button-content-wrapper\">\n\t\t\t\t\t\t<span class=\"elementor-button-icon\">\n\t\t\t\t<svg aria-hidden=\"true\" class=\"e-font-icon-svg e-fas-angle-right\" viewbox=\"0 0 256 512\" xmlns=\"http:\/\/www.w3.org\/2000\/svg\"><path d=\"M224.3 273l-136 136c-9.4 9.4-24.6 9.4-33.9 0l-22.6-22.6c-9.4-9.4-9.4-24.6 0-33.9l96.4-96.4-96.4-96.4c-9.4-9.4-9.4-24.6 0-33.9L54.3 103c9.4-9.4 24.6-9.4 33.9 0l136 136c9.5 9.4 9.5 24.6.1 34z\"><\/path><\/svg>\t\t\t<\/span>\n\t\t\t\t\t\t\t\t\t<span class=\"elementor-button-text\">Discover the Inspire 3<\/span>\n\t\t\t\t\t<\/span>\n\t\t\t\t\t<\/a>\n\t\t\t\t<\/div>\n\t\t\t\t\t\t\t\t<\/div>\n\t\t\t\t<\/div>\n\t\t\t\t\t<\/div>\n\t\t\t\t<\/div>\n\t\t\t\t<\/div>","protected":false},"excerpt":{"rendered":"<p>FPV x Highend cinema Kinomatix Dual Kontaktiere Uns Concept of use Der Kinomatix Dual ist unser Flaggschiff f\u00fcr komplexeste Kamerafahrten, bei denen Pr\u00e4zision und Bildkomposition an erster Stelle stehen. Als spezialisiertes Dual-Operator-System trennen wir die Flugf\u00fchrung von der Kamerasteuerung: W\u00e4hrend sich ein Pilot voll auf das Fliegen konzentriert, steuert ein dedizierter Camera Operator den Gimbal [&hellip;]<\/p>\n","protected":false},"author":1,"featured_media":0,"parent":0,"menu_order":0,"comment_status":"closed","ping_status":"closed","template":"elementor_header_footer","meta":{"inline_featured_image":false,"footnotes":""},"class_list":["post-1289","page","type-page","status-publish","hentry"],"yoast_head":"<!-- This site is optimized with the Yoast SEO plugin v27.4 - https:\/\/yoast.com\/product\/yoast-seo-wordpress\/ -->\n<title>FPV Cinelifter f\u00fcr Cinema Kameras &amp; High-End Shots | Aircop Media<\/title>\n<meta name=\"description\" content=\"FPV Cinelifter f\u00fcr Full Size Cinema Kameras und Dual Operator Setups. Maximale Qualit\u00e4t f\u00fcr Werbung und Filmproduktionen.\" \/>\n<meta name=\"robots\" content=\"index, follow, max-snippet:-1, max-image-preview:large, max-video-preview:-1\" \/>\n<link rel=\"canonical\" href=\"https:\/\/aircop-media.com\/en\/kinomatix-dual\/\" \/>\n<meta property=\"og:locale\" content=\"en_US\" \/>\n<meta property=\"og:type\" content=\"article\" \/>\n<meta property=\"og:title\" content=\"FPV Cinelifter f\u00fcr Cinema Kameras &amp; High-End Shots | Aircop Media\" \/>\n<meta property=\"og:description\" content=\"FPV Cinelifter f\u00fcr Full Size Cinema Kameras und Dual Operator Setups. Maximale Qualit\u00e4t f\u00fcr Werbung und Filmproduktionen.\" \/>\n<meta property=\"og:url\" content=\"https:\/\/aircop-media.com\/en\/kinomatix-dual\/\" \/>\n<meta property=\"og:site_name\" content=\"Aircop Media\" \/>\n<meta property=\"article:modified_time\" content=\"2026-04-14T11:19:56+00:00\" \/>\n<meta name=\"twitter:card\" content=\"summary_large_image\" \/>\n<meta name=\"twitter:label1\" content=\"Est. reading time\" \/>\n\t<meta name=\"twitter:data1\" content=\"1 minute\" \/>\n<script type=\"application\/ld+json\" class=\"yoast-schema-graph\">{\"@context\":\"https:\\\/\\\/schema.org\",\"@graph\":[{\"@type\":\"WebPage\",\"@id\":\"https:\\\/\\\/aircop-media.com\\\/kinomatix-dual\\\/\",\"url\":\"https:\\\/\\\/aircop-media.com\\\/kinomatix-dual\\\/\",\"name\":\"FPV Cinelifter f\u00fcr Cinema Kameras & High-End Shots | Aircop Media\",\"isPartOf\":{\"@id\":\"https:\\\/\\\/aircop-media.com\\\/#website\"},\"datePublished\":\"2025-12-16T20:21:11+00:00\",\"dateModified\":\"2026-04-14T11:19:56+00:00\",\"description\":\"FPV Cinelifter f\u00fcr Full Size Cinema Kameras und Dual Operator Setups. Maximale Qualit\u00e4t f\u00fcr Werbung und Filmproduktionen.\",\"breadcrumb\":{\"@id\":\"https:\\\/\\\/aircop-media.com\\\/kinomatix-dual\\\/#breadcrumb\"},\"inLanguage\":\"en-US\",\"potentialAction\":[{\"@type\":\"ReadAction\",\"target\":[\"https:\\\/\\\/aircop-media.com\\\/kinomatix-dual\\\/\"]}]},{\"@type\":\"BreadcrumbList\",\"@id\":\"https:\\\/\\\/aircop-media.com\\\/kinomatix-dual\\\/#breadcrumb\",\"itemListElement\":[{\"@type\":\"ListItem\",\"position\":1,\"name\":\"Startseite\",\"item\":\"https:\\\/\\\/aircop-media.com\\\/\"},{\"@type\":\"ListItem\",\"position\":2,\"name\":\"Kinomatix Dual\"}]},{\"@type\":\"WebSite\",\"@id\":\"https:\\\/\\\/aircop-media.com\\\/#website\",\"url\":\"https:\\\/\\\/aircop-media.com\\\/\",\"name\":\"Aircop Media\",\"description\":\"\",\"publisher\":{\"@id\":\"https:\\\/\\\/aircop-media.com\\\/#organization\"},\"potentialAction\":[{\"@type\":\"SearchAction\",\"target\":{\"@type\":\"EntryPoint\",\"urlTemplate\":\"https:\\\/\\\/aircop-media.com\\\/?s={search_term_string}\"},\"query-input\":{\"@type\":\"PropertyValueSpecification\",\"valueRequired\":true,\"valueName\":\"search_term_string\"}}],\"inLanguage\":\"en-US\"},{\"@type\":\"Organization\",\"@id\":\"https:\\\/\\\/aircop-media.com\\\/#organization\",\"name\":\"Aircop Media\",\"url\":\"https:\\\/\\\/aircop-media.com\\\/\",\"logo\":{\"@type\":\"ImageObject\",\"inLanguage\":\"en-US\",\"@id\":\"https:\\\/\\\/aircop-media.com\\\/#\\\/schema\\\/logo\\\/image\\\/\",\"url\":\"https:\\\/\\\/aircop-media.com\\\/wp-content\\\/uploads\\\/2025\\\/03\\\/white-small2.png\",\"contentUrl\":\"https:\\\/\\\/aircop-media.com\\\/wp-content\\\/uploads\\\/2025\\\/03\\\/white-small2.png\",\"width\":524,\"height\":100,\"caption\":\"Aircop Media\"},\"image\":{\"@id\":\"https:\\\/\\\/aircop-media.com\\\/#\\\/schema\\\/logo\\\/image\\\/\"}}]}<\/script>\n<!-- \/ Yoast SEO plugin. -->","yoast_head_json":{"title":"FPV Cinelifter f\u00fcr Cinema Kameras & High-End Shots | Aircop Media","description":"FPV Cinelifter f\u00fcr Full Size Cinema Kameras und Dual Operator Setups. Maximale Qualit\u00e4t f\u00fcr Werbung und Filmproduktionen.","robots":{"index":"index","follow":"follow","max-snippet":"max-snippet:-1","max-image-preview":"max-image-preview:large","max-video-preview":"max-video-preview:-1"},"canonical":"https:\/\/aircop-media.com\/en\/kinomatix-dual\/","og_locale":"en_US","og_type":"article","og_title":"FPV Cinelifter f\u00fcr Cinema Kameras & High-End Shots | Aircop Media","og_description":"FPV Cinelifter f\u00fcr Full Size Cinema Kameras und Dual Operator Setups. Maximale Qualit\u00e4t f\u00fcr Werbung und Filmproduktionen.","og_url":"https:\/\/aircop-media.com\/en\/kinomatix-dual\/","og_site_name":"Aircop Media","article_modified_time":"2026-04-14T11:19:56+00:00","twitter_card":"summary_large_image","twitter_misc":{"Est. reading time":"1 minute"},"schema":{"@context":"https:\/\/schema.org","@graph":[{"@type":"WebPage","@id":"https:\/\/aircop-media.com\/kinomatix-dual\/","url":"https:\/\/aircop-media.com\/kinomatix-dual\/","name":"FPV Cinelifter f\u00fcr Cinema Kameras & High-End Shots | Aircop Media","isPartOf":{"@id":"https:\/\/aircop-media.com\/#website"},"datePublished":"2025-12-16T20:21:11+00:00","dateModified":"2026-04-14T11:19:56+00:00","description":"FPV Cinelifter f\u00fcr Full Size Cinema Kameras und Dual Operator Setups. Maximale Qualit\u00e4t f\u00fcr Werbung und Filmproduktionen.","breadcrumb":{"@id":"https:\/\/aircop-media.com\/kinomatix-dual\/#breadcrumb"},"inLanguage":"en-US","potentialAction":[{"@type":"ReadAction","target":["https:\/\/aircop-media.com\/kinomatix-dual\/"]}]},{"@type":"BreadcrumbList","@id":"https:\/\/aircop-media.com\/kinomatix-dual\/#breadcrumb","itemListElement":[{"@type":"ListItem","position":1,"name":"Startseite","item":"https:\/\/aircop-media.com\/"},{"@type":"ListItem","position":2,"name":"Kinomatix Dual"}]},{"@type":"WebSite","@id":"https:\/\/aircop-media.com\/#website","url":"https:\/\/aircop-media.com\/","name":"Aircop Media","description":"","publisher":{"@id":"https:\/\/aircop-media.com\/#organization"},"potentialAction":[{"@type":"SearchAction","target":{"@type":"EntryPoint","urlTemplate":"https:\/\/aircop-media.com\/?s={search_term_string}"},"query-input":{"@type":"PropertyValueSpecification","valueRequired":true,"valueName":"search_term_string"}}],"inLanguage":"en-US"},{"@type":"Organization","@id":"https:\/\/aircop-media.com\/#organization","name":"Aircop Media","url":"https:\/\/aircop-media.com\/","logo":{"@type":"ImageObject","inLanguage":"en-US","@id":"https:\/\/aircop-media.com\/#\/schema\/logo\/image\/","url":"https:\/\/aircop-media.com\/wp-content\/uploads\/2025\/03\/white-small2.png","contentUrl":"https:\/\/aircop-media.com\/wp-content\/uploads\/2025\/03\/white-small2.png","width":524,"height":100,"caption":"Aircop Media"},"image":{"@id":"https:\/\/aircop-media.com\/#\/schema\/logo\/image\/"}}]}},"_links":{"self":[{"href":"https:\/\/aircop-media.com\/en\/wp-json\/wp\/v2\/pages\/1289","targetHints":{"allow":["GET"]}}],"collection":[{"href":"https:\/\/aircop-media.com\/en\/wp-json\/wp\/v2\/pages"}],"about":[{"href":"https:\/\/aircop-media.com\/en\/wp-json\/wp\/v2\/types\/page"}],"author":[{"embeddable":true,"href":"https:\/\/aircop-media.com\/en\/wp-json\/wp\/v2\/users\/1"}],"replies":[{"embeddable":true,"href":"https:\/\/aircop-media.com\/en\/wp-json\/wp\/v2\/comments?post=1289"}],"version-history":[{"count":19,"href":"https:\/\/aircop-media.com\/en\/wp-json\/wp\/v2\/pages\/1289\/revisions"}],"predecessor-version":[{"id":1756,"href":"https:\/\/aircop-media.com\/en\/wp-json\/wp\/v2\/pages\/1289\/revisions\/1756"}],"wp:attachment":[{"href":"https:\/\/aircop-media.com\/en\/wp-json\/wp\/v2\/media?parent=1289"}],"curies":[{"name":"wp","href":"https:\/\/api.w.org\/{rel}","templated":true}]}}